
{"id":16283,"date":"2023-05-03T14:09:45","date_gmt":"2023-05-03T12:09:45","guid":{"rendered":"https:\/\/staging.kayrros.com\/?page_id=16283"},"modified":"2023-10-27T14:28:25","modified_gmt":"2023-10-27T12:28:25","slug":"subscribe","status":"publish","type":"page","link":"https:\/\/kayrrosdev.sitalacarte-consulting.fr\/fr\/subscribe\/","title":{"rendered":"Subscribe"},"content":{"rendered":"<div data-elementor-type=\"wp-page\" data-elementor-id=\"16283\" class=\"elementor elementor-16283\">\n\t\t\t\t\t\t\t<div class=\"elementor-element elementor-element-49c1f846 e-con-full e-con\" data-id=\"49c1f846\" data-element_type=\"container\" data-settings=\"{&quot;content_width&quot;:&quot;full&quot;,&quot;background_background&quot;:&quot;classic&quot;}\">\n\t\t\t\t<div class=\"elementor-element elementor-element-4e6f1f38 elementor-widget__width-inherit elementor-widget elementor-widget-template\" data-id=\"4e6f1f38\" data-element_type=\"widget\" data-widget_type=\"template.default\">\n\t\t\t\t<div class=\"elementor-widget-container\">\n\t\t\t\t\t<div class=\"elementor-template\">\n\t\t\t\t\t<div data-elementor-type=\"container\" data-elementor-id=\"16695\" class=\"elementor elementor-16695\">\n\t\t\t\t\t\t\t<div class=\"elementor-element elementor-element-d3da5f4 e-con-full e-con\" data-id=\"d3da5f4\" data-element_type=\"container\" data-settings=\"{&quot;content_width&quot;:&quot;full&quot;,&quot;background_background&quot;:&quot;classic&quot;}\">\n\t\t\t\t<div class=\"elementor-element elementor-element-308a295 elementor-widget elementor-widget-text-editor\" data-id=\"308a295\" data-element_type=\"widget\" data-widget_type=\"text-editor.default\">\n\t\t\t\t<div class=\"elementor-widget-container\">\n\t\t\t<style>\/*! elementor - v3.12.2 - 23-04-2023 *\/\n.elementor-widget-text-editor.elementor-drop-cap-view-stacked .elementor-drop-cap{background-color:#69727d;color:#fff}.elementor-widget-text-editor.elementor-drop-cap-view-framed .elementor-drop-cap{color:#69727d;border:3px solid;background-color:transparent}.elementor-widget-text-editor:not(.elementor-drop-cap-view-default) .elementor-drop-cap{margin-top:8px}.elementor-widget-text-editor:not(.elementor-drop-cap-view-default) .elementor-drop-cap-letter{width:1em;height:1em}.elementor-widget-text-editor .elementor-drop-cap{float:left;text-align:center;line-height:1;font-size:50px}.elementor-widget-text-editor .elementor-drop-cap-letter{display:inline-block}<\/style>\t\t\t\t<p><strong>Discover Kayrros ERCOT Impact Monitor at ERCOT Market Summit<\/strong> \u279d Get the most timely and accurate information on capacity additions to the grid, with cutting-edge satellite imagery and AI.<\/p>\t\t\t\t\t\t<\/div>\n\t\t\t\t<\/div>\n\t\t<div class=\"elementor-element elementor-element-e9f9fea e-con-boxed e-con\" data-id=\"e9f9fea\" data-element_type=\"container\" data-settings=\"{&quot;content_width&quot;:&quot;boxed&quot;}\">\n\t\t\t\t\t<div class=\"e-con-inner\">\n\t\t\t\t<div class=\"elementor-element elementor-element-6ef5609 elementor-align-center elementor-widget elementor-widget-button\" data-id=\"6ef5609\" data-element_type=\"widget\" data-widget_type=\"button.default\">\n\t\t\t\t<div class=\"elementor-widget-container\">\n\t\t\t\t\t<div class=\"elementor-button-wrapper\">\n\t\t\t<a href=\"https:\/\/eu1.hubs.ly\/H07rvNc0\" target=\"_blank\" class=\"elementor-button-link elementor-button elementor-size-sm\" role=\"button\">\n\t\t\t\t\t\t<span class=\"elementor-button-content-wrapper\">\n\t\t\t\t\t\t<span class=\"elementor-button-text\">Book Your Demo Today<\/span>\n\t\t<\/span>\n\t\t\t\t\t<\/a>\n\t\t<\/div>\n\t\t\t\t<\/div>\n\t\t\t\t<\/div>\n\t\t\t\t\t<\/div>\n\t\t\t\t<\/div>\n\t\t\t\t<\/div>\n\t\t\t\t\t\t\t<\/div>\n\t\t\t\t<\/div>\n\t\t\t\t<\/div>\n\t\t\t\t<\/div>\n\t\t\t\t<\/div>\n\t\t<div class=\"elementor-element elementor-element-36ab198 e-con-boxed e-con\" data-id=\"36ab198\" data-element_type=\"container\" data-settings=\"{&quot;content_width&quot;:&quot;boxed&quot;}\">\n\t\t\t\t\t<div class=\"e-con-inner\">\n\t\t\t\t<div class=\"elementor-element elementor-element-8380e33 elementor-widget elementor-widget-heading\" data-id=\"8380e33\" data-element_type=\"widget\" data-widget_type=\"heading.default\">\n\t\t\t\t<div class=\"elementor-widget-container\">\n\t\t\t<style>\/*! elementor - v3.12.2 - 23-04-2023 *\/\n.elementor-heading-title{padding:0;margin:0;line-height:1}.elementor-widget-heading .elementor-heading-title[class*=elementor-size-]>a{color:inherit;font-size:inherit;line-height:inherit}.elementor-widget-heading .elementor-heading-title.elementor-size-small{font-size:15px}.elementor-widget-heading .elementor-heading-title.elementor-size-medium{font-size:19px}.elementor-widget-heading .elementor-heading-title.elementor-size-large{font-size:29px}.elementor-widget-heading .elementor-heading-title.elementor-size-xl{font-size:39px}.elementor-widget-heading .elementor-heading-title.elementor-size-xxl{font-size:59px}<\/style><h2 class=\"elementor-heading-title elementor-size-default\">SUBSCRIBE TO THE KAYRROS EYE<\/h2>\t\t<\/div>\n\t\t\t\t<\/div>\n\t\t\t\t\t<\/div>\n\t\t\t\t<\/div>\n\t\t<div class=\"elementor-element elementor-element-1631e508 e-con-boxed e-con\" data-id=\"1631e508\" data-element_type=\"container\" data-settings=\"{&quot;content_width&quot;:&quot;boxed&quot;}\">\n\t\t\t\t\t<div class=\"e-con-inner\">\n\t\t\t\t<div class=\"elementor-element elementor-element-68269cb elementor-widget elementor-widget-html\" data-id=\"68269cb\" data-element_type=\"widget\" data-widget_type=\"html.default\">\n\t\t\t\t<div class=\"elementor-widget-container\">\n\t\t\t<script charset=\"utf-8\" type=\"text\/javascript\" src=\"\/\/js-eu1.hsforms.net\/forms\/embed\/v2.js\"><\/script>\n<script>\n  hbspt.forms.create({\n    region: \"eu1\",\n    portalId: \"26199306\",\n    formId: \"4dc3a7a5-ec38-48cc-a412-3fde0c7b8284\"\n  });\n<\/script>\t\t<\/div>\n\t\t\t\t<\/div>\n\t\t\t\t<div class=\"elementor-element elementor-element-18b7504d elementor-hidden-desktop elementor-hidden-tablet elementor-hidden-mobile elementor-widget elementor-widget-premium-contact-form\" data-id=\"18b7504d\" data-element_type=\"widget\" id=\"subscribe_form_7\" data-widget_type=\"premium-contact-form.default\">\n\t\t\t\t<div class=\"elementor-widget-container\">\n\t\t\t\r\n\t\t\t<div class=\"premium-cf7-container\">\r\n\t\t\t\t\n<div class=\"wpcf7 no-js\" id=\"wpcf7-f16288-o1\" lang=\"en-US\" dir=\"ltr\">\n<div class=\"screen-reader-response\"><p role=\"status\" aria-live=\"polite\" aria-atomic=\"true\"><\/p> <ul><\/ul><\/div>\n<form action=\"\/fr\/wp-json\/wp\/v2\/pages\/16283#wpcf7-f16288-o1\" method=\"post\" class=\"wpcf7-form init\" aria-label=\"Contact form\" novalidate=\"novalidate\" data-status=\"init\" data-trp-original-action=\"\/fr\/wp-json\/wp\/v2\/pages\/16283#wpcf7-f16288-o1\">\n<div style=\"display: none;\">\n<input type=\"hidden\" name=\"_wpcf7\" value=\"16288\" \/>\n<input type=\"hidden\" name=\"_wpcf7_version\" value=\"5.7.6\" \/>\n<input type=\"hidden\" name=\"_wpcf7_locale\" value=\"en_US\" \/>\n<input type=\"hidden\" name=\"_wpcf7_unit_tag\" value=\"wpcf7-f16288-o1\" \/>\n<input type=\"hidden\" name=\"_wpcf7_container_post\" value=\"0\" \/>\n<input type=\"hidden\" name=\"_wpcf7_posted_data_hash\" value=\"\" \/>\n<\/div>\n<div class=\"form_row\">\n\t<div class=\"form_col\">\n\t\t<p><span class=\"wpcf7-form-control-wrap\" data-name=\"your-email\"><input size=\"40\" class=\"wpcf7-form-control wpcf7-text wpcf7-email wpcf7-validates-as-required wpcf7-validates-as-email\" autocomplete=\"email\" aria-required=\"true\" aria-invalid=\"false\" placeholder=\"Your Email\" value=\"\" type=\"email\" name=\"your-email\" \/><\/span>\n\t\t<\/p>\n\t<\/div>\n<\/div>\n<div class=\"form_row\">\n\t<div class=\"form_col\">\n\t\t<p><label> <span class=\"wpcf7-form-control-wrap\" data-name=\"acceptance-gdpr\"><span class=\"wpcf7-form-control wpcf7-acceptance\"><span class=\"wpcf7-list-item\"><input type=\"checkbox\" name=\"acceptance-gdpr\" value=\"1\" aria-invalid=\"false\" \/><\/span><\/span><\/span> D\u00e9claration GDPR<span class=\"required_notice\">*<\/span> En cliquant sur le bouton, vous acceptez de partager vos informations personnelles avec Kayrros. Pour savoir comment Kayrros utilise vos informations, vos droits en mati\u00e8re de protection des donn\u00e9es et la mani\u00e8re de les faire valoir, veuillez consulter notre page Politique de confidentialit\u00e9. <a href=\"https:\/\/kayrrosdev.sitalacarte-consulting.fr\/fr\/privacy-policy\/\" target=\"_blank\">Privacy Policy page<\/a><\/label>\n\t\t<\/p>\n\t<\/div>\n<\/div>\n<div class=\"form_row\">\n\t<div class=\"form_col\" style=\"text-align:center\">\n\t\t<p><input class=\"wpcf7-form-control has-spinner wpcf7-submit\" type=\"submit\" value=\"Subscribe\" \/>\n\t\t<\/p>\n\t<\/div>\n<\/div><div class=\"wpcf7-response-output\" aria-hidden=\"true\"><\/div>\n<input type=\"hidden\" name=\"trp-form-language\" value=\"fr\"\/><\/form>\n<\/div>\n\t\t\t<\/div>\r\n\r\n\t\t\t\t\t<\/div>\n\t\t\t\t<\/div>\n\t\t\t\t<div class=\"elementor-element elementor-element-4a697ba9 elementor-hidden-desktop elementor-hidden-tablet elementor-hidden-mobile elementor-widget elementor-widget-html\" data-id=\"4a697ba9\" data-element_type=\"widget\" data-widget_type=\"html.default\">\n\t\t\t\t<div class=\"elementor-widget-container\">\n\t\t\t<script>\nvar inputs;\nvar form_container;\nvar selects;\nvar textareas;\nform_container = document.getElementById('subscribe_form_7');\ninputs = form_container.getElementsByTagName('input');\n\n\nfor (let index = 0; index < inputs.length; ++index) {\n    inputs[index].addEventListener(\"change\", (event) => {\n        event.target.style.borderColor = event.target.value != '' ? \"#2197D1\" : \"#B4B4B4\";\n    });\n}\n\n\n<\/script>\t\t<\/div>\n\t\t\t\t<\/div>\n\t\t\t\t\t<\/div>\n\t\t\t\t<\/div>\n\t\t\t\t\t\t\t<\/div>","protected":false},"excerpt":{"rendered":"<p>SUBSCRIBE TO THE KAYRROS EYE GDPR Statement* : By clicking on the button, you agree to share your personal information with Kayrros. To know how Kayrros uses your information, your rights regarding data protection and the way to enforce them, please visit our Privacy Privacy Policy page<\/p>","protected":false},"author":1,"featured_media":0,"parent":0,"menu_order":0,"comment_status":"closed","ping_status":"closed","template":"elementor_header_footer","meta":{"content-type":"","footnotes":""},"class_list":["post-16283","page","type-page","status-publish"],"acf":[],"yoast_head":"<!-- This site is optimized with the Yoast SEO plugin v20.6 - https:\/\/yoast.com\/wordpress\/plugins\/seo\/ -->\n<title>Subscribe - Kayrros<\/title>\n<meta name=\"description\" content=\"Kayrros satellite-based technology independently measures the footprint of human activity on the environment at a global level\" \/>\n<meta name=\"robots\" content=\"index, follow, max-snippet:-1, max-image-preview:large, max-video-preview:-1\" \/>\n<link rel=\"canonical\" href=\"https:\/\/kayrrosdev.sitalacarte-consulting.fr\/fr\/subscribe\/\" \/>\n<meta property=\"og:locale\" content=\"fr_FR\" \/>\n<meta property=\"og:type\" content=\"article\" \/>\n<meta property=\"og:title\" content=\"Subscribe - Kayrros\" \/>\n<meta property=\"og:description\" content=\"Kayrros satellite-based technology independently measures the footprint of human activity on the environment at a global level\" \/>\n<meta property=\"og:url\" content=\"https:\/\/kayrrosdev.sitalacarte-consulting.fr\/fr\/subscribe\/\" \/>\n<meta property=\"og:site_name\" content=\"Kayrros\" \/>\n<meta property=\"article:modified_time\" content=\"2023-10-27T12:28:25+00:00\" \/>\n<meta name=\"twitter:card\" content=\"summary_large_image\" \/>\n<meta name=\"twitter:label1\" content=\"Dur\u00e9e de lecture estim\u00e9e\" \/>\n\t<meta name=\"twitter:data1\" content=\"1 minute\" \/>\n<script type=\"application\/ld+json\" class=\"yoast-schema-graph\">{\"@context\":\"https:\/\/schema.org\",\"@graph\":[{\"@type\":\"WebPage\",\"@id\":\"https:\/\/kayrrosdev.sitalacarte-consulting.fr\/subscribe\/\",\"url\":\"https:\/\/kayrrosdev.sitalacarte-consulting.fr\/subscribe\/\",\"name\":\"Subscribe - Kayrros\",\"isPartOf\":{\"@id\":\"https:\/\/kayrrosdev.sitalacarte-consulting.fr\/#website\"},\"datePublished\":\"2023-05-03T12:09:45+00:00\",\"dateModified\":\"2023-10-27T12:28:25+00:00\",\"description\":\"Kayrros satellite-based technology independently measures the footprint of human activity on the environment at a global level\",\"breadcrumb\":{\"@id\":\"https:\/\/kayrrosdev.sitalacarte-consulting.fr\/subscribe\/#breadcrumb\"},\"inLanguage\":\"fr-FR\",\"potentialAction\":[{\"@type\":\"ReadAction\",\"target\":[\"https:\/\/kayrrosdev.sitalacarte-consulting.fr\/subscribe\/\"]}]},{\"@type\":\"BreadcrumbList\",\"@id\":\"https:\/\/kayrrosdev.sitalacarte-consulting.fr\/subscribe\/#breadcrumb\",\"itemListElement\":[{\"@type\":\"ListItem\",\"position\":1,\"name\":\"Home\",\"item\":\"https:\/\/kayrrosdev.sitalacarte-consulting.fr\/\"},{\"@type\":\"ListItem\",\"position\":2,\"name\":\"Subscribe\"}]},{\"@type\":\"WebSite\",\"@id\":\"https:\/\/kayrrosdev.sitalacarte-consulting.fr\/#website\",\"url\":\"https:\/\/kayrrosdev.sitalacarte-consulting.fr\/\",\"name\":\"Kayrros\",\"description\":\"Disruptive Analytics for Energy Markets\",\"publisher\":{\"@id\":\"https:\/\/kayrrosdev.sitalacarte-consulting.fr\/#organization\"},\"potentialAction\":[{\"@type\":\"SearchAction\",\"target\":{\"@type\":\"EntryPoint\",\"urlTemplate\":\"https:\/\/kayrrosdev.sitalacarte-consulting.fr\/?s={search_term_string}\"},\"query-input\":\"required name=search_term_string\"}],\"inLanguage\":\"fr-FR\"},{\"@type\":\"Organization\",\"@id\":\"https:\/\/kayrrosdev.sitalacarte-consulting.fr\/#organization\",\"name\":\"Kayrros\",\"url\":\"https:\/\/kayrrosdev.sitalacarte-consulting.fr\/\",\"logo\":{\"@type\":\"ImageObject\",\"inLanguage\":\"fr-FR\",\"@id\":\"https:\/\/kayrrosdev.sitalacarte-consulting.fr\/#\/schema\/logo\/image\/\",\"url\":\"https:\/\/kayrrosdev.sitalacarte-consulting.fr\/wp-content\/uploads\/2023\/02\/Logo-Full_colour.png\",\"contentUrl\":\"https:\/\/kayrrosdev.sitalacarte-consulting.fr\/wp-content\/uploads\/2023\/02\/Logo-Full_colour.png\",\"width\":3247,\"height\":926,\"caption\":\"Kayrros\"},\"image\":{\"@id\":\"https:\/\/kayrrosdev.sitalacarte-consulting.fr\/#\/schema\/logo\/image\/\"}}]}<\/script>\n<!-- \/ Yoast SEO plugin. -->","yoast_head_json":{"title":"Subscribe - Kayrros","description":"Kayrros satellite-based technology independently measures the footprint of human activity on the environment at a global level","robots":{"index":"index","follow":"follow","max-snippet":"max-snippet:-1","max-image-preview":"max-image-preview:large","max-video-preview":"max-video-preview:-1"},"canonical":"https:\/\/kayrrosdev.sitalacarte-consulting.fr\/fr\/subscribe\/","og_locale":"fr_FR","og_type":"article","og_title":"Subscribe - Kayrros","og_description":"Kayrros satellite-based technology independently measures the footprint of human activity on the environment at a global level","og_url":"https:\/\/kayrrosdev.sitalacarte-consulting.fr\/fr\/subscribe\/","og_site_name":"Kayrros","article_modified_time":"2023-10-27T12:28:25+00:00","twitter_card":"summary_large_image","twitter_misc":{"Dur\u00e9e de lecture estim\u00e9e":"1 minute"},"schema":{"@context":"https:\/\/schema.org","@graph":[{"@type":"WebPage","@id":"https:\/\/kayrrosdev.sitalacarte-consulting.fr\/subscribe\/","url":"https:\/\/kayrrosdev.sitalacarte-consulting.fr\/subscribe\/","name":"Subscribe - Kayrros","isPartOf":{"@id":"https:\/\/kayrrosdev.sitalacarte-consulting.fr\/#website"},"datePublished":"2023-05-03T12:09:45+00:00","dateModified":"2023-10-27T12:28:25+00:00","description":"Kayrros satellite-based technology independently measures the footprint of human activity on the environment at a global level","breadcrumb":{"@id":"https:\/\/kayrrosdev.sitalacarte-consulting.fr\/subscribe\/#breadcrumb"},"inLanguage":"fr-FR","potentialAction":[{"@type":"ReadAction","target":["https:\/\/kayrrosdev.sitalacarte-consulting.fr\/subscribe\/"]}]},{"@type":"BreadcrumbList","@id":"https:\/\/kayrrosdev.sitalacarte-consulting.fr\/subscribe\/#breadcrumb","itemListElement":[{"@type":"ListItem","position":1,"name":"Home","item":"https:\/\/kayrrosdev.sitalacarte-consulting.fr\/"},{"@type":"ListItem","position":2,"name":"Subscribe"}]},{"@type":"WebSite","@id":"https:\/\/kayrrosdev.sitalacarte-consulting.fr\/#website","url":"https:\/\/kayrrosdev.sitalacarte-consulting.fr\/","name":"Kayrros","description":"Disruptive Analytics for Energy Markets","publisher":{"@id":"https:\/\/kayrrosdev.sitalacarte-consulting.fr\/#organization"},"potentialAction":[{"@type":"SearchAction","target":{"@type":"EntryPoint","urlTemplate":"https:\/\/kayrrosdev.sitalacarte-consulting.fr\/?s={search_term_string}"},"query-input":"required name=search_term_string"}],"inLanguage":"fr-FR"},{"@type":"Organization","@id":"https:\/\/kayrrosdev.sitalacarte-consulting.fr\/#organization","name":"Kayrros","url":"https:\/\/kayrrosdev.sitalacarte-consulting.fr\/","logo":{"@type":"ImageObject","inLanguage":"fr-FR","@id":"https:\/\/kayrrosdev.sitalacarte-consulting.fr\/#\/schema\/logo\/image\/","url":"https:\/\/kayrrosdev.sitalacarte-consulting.fr\/wp-content\/uploads\/2023\/02\/Logo-Full_colour.png","contentUrl":"https:\/\/kayrrosdev.sitalacarte-consulting.fr\/wp-content\/uploads\/2023\/02\/Logo-Full_colour.png","width":3247,"height":926,"caption":"Kayrros"},"image":{"@id":"https:\/\/kayrrosdev.sitalacarte-consulting.fr\/#\/schema\/logo\/image\/"}}]}},"_links":{"self":[{"href":"https:\/\/kayrrosdev.sitalacarte-consulting.fr\/fr\/wp-json\/wp\/v2\/pages\/16283","targetHints":{"allow":["GET"]}}],"collection":[{"href":"https:\/\/kayrrosdev.sitalacarte-consulting.fr\/fr\/wp-json\/wp\/v2\/pages"}],"about":[{"href":"https:\/\/kayrrosdev.sitalacarte-consulting.fr\/fr\/wp-json\/wp\/v2\/types\/page"}],"author":[{"embeddable":true,"href":"https:\/\/kayrrosdev.sitalacarte-consulting.fr\/fr\/wp-json\/wp\/v2\/users\/1"}],"replies":[{"embeddable":true,"href":"https:\/\/kayrrosdev.sitalacarte-consulting.fr\/fr\/wp-json\/wp\/v2\/comments?post=16283"}],"version-history":[{"count":6,"href":"https:\/\/kayrrosdev.sitalacarte-consulting.fr\/fr\/wp-json\/wp\/v2\/pages\/16283\/revisions"}],"predecessor-version":[{"id":17232,"href":"https:\/\/kayrrosdev.sitalacarte-consulting.fr\/fr\/wp-json\/wp\/v2\/pages\/16283\/revisions\/17232"}],"wp:attachment":[{"href":"https:\/\/kayrrosdev.sitalacarte-consulting.fr\/fr\/wp-json\/wp\/v2\/media?parent=16283"}],"curies":[{"name":"wp","href":"https:\/\/api.w.org\/{rel}","templated":true}]}}