
{"id":10761,"date":"2023-02-10T13:50:56","date_gmt":"2023-02-10T12:50:56","guid":{"rendered":"https:\/\/staging.kayrros.com\/?page_id=10761"},"modified":"2023-06-30T12:25:12","modified_gmt":"2023-06-30T10:25:12","slug":"legal-information","status":"publish","type":"page","link":"https:\/\/kayrrosdev.sitalacarte-consulting.fr\/fr\/legal-information\/","title":{"rendered":"Informations juridiques"},"content":{"rendered":"<div data-elementor-type=\"wp-page\" data-elementor-id=\"10761\" class=\"elementor elementor-10761\">\n\t\t\t\t\t\t\t<div class=\"elementor-element elementor-element-e5f44d e-con-full e-con\" data-id=\"e5f44d\" data-element_type=\"container\" data-settings=\"{&quot;content_width&quot;:&quot;full&quot;,&quot;background_background&quot;:&quot;classic&quot;}\">\n\t\t\t\t<div class=\"elementor-element elementor-element-392f779b elementor-widget__width-inherit elementor-widget elementor-widget-template\" data-id=\"392f779b\" data-element_type=\"widget\" data-widget_type=\"template.default\">\n\t\t\t\t<div class=\"elementor-widget-container\">\n\t\t\t\t\t<div class=\"elementor-template\">\n\t\t\t\t\t<div data-elementor-type=\"container\" data-elementor-id=\"16695\" class=\"elementor elementor-16695\">\n\t\t\t\t\t\t\t<div class=\"elementor-element elementor-element-d3da5f4 e-con-full e-con\" data-id=\"d3da5f4\" data-element_type=\"container\" data-settings=\"{&quot;content_width&quot;:&quot;full&quot;,&quot;background_background&quot;:&quot;classic&quot;}\">\n\t\t\t\t<div class=\"elementor-element elementor-element-308a295 elementor-widget elementor-widget-text-editor\" data-id=\"308a295\" data-element_type=\"widget\" data-widget_type=\"text-editor.default\">\n\t\t\t\t<div class=\"elementor-widget-container\">\n\t\t\t<style>\/*! elementor - v3.12.2 - 23-04-2023 *\/\n.elementor-widget-text-editor.elementor-drop-cap-view-stacked .elementor-drop-cap{background-color:#69727d;color:#fff}.elementor-widget-text-editor.elementor-drop-cap-view-framed .elementor-drop-cap{color:#69727d;border:3px solid;background-color:transparent}.elementor-widget-text-editor:not(.elementor-drop-cap-view-default) .elementor-drop-cap{margin-top:8px}.elementor-widget-text-editor:not(.elementor-drop-cap-view-default) .elementor-drop-cap-letter{width:1em;height:1em}.elementor-widget-text-editor .elementor-drop-cap{float:left;text-align:center;line-height:1;font-size:50px}.elementor-widget-text-editor .elementor-drop-cap-letter{display:inline-block}<\/style>\t\t\t\t<p><strong>Discover Kayrros ERCOT Impact Monitor at ERCOT Market Summit<\/strong> \u279d Get the most timely and accurate information on capacity additions to the grid, with cutting-edge satellite imagery and AI.<\/p>\t\t\t\t\t\t<\/div>\n\t\t\t\t<\/div>\n\t\t<div class=\"elementor-element elementor-element-e9f9fea e-con-boxed e-con\" data-id=\"e9f9fea\" data-element_type=\"container\" data-settings=\"{&quot;content_width&quot;:&quot;boxed&quot;}\">\n\t\t\t\t\t<div class=\"e-con-inner\">\n\t\t\t\t<div class=\"elementor-element elementor-element-6ef5609 elementor-align-center elementor-widget elementor-widget-button\" data-id=\"6ef5609\" data-element_type=\"widget\" data-widget_type=\"button.default\">\n\t\t\t\t<div class=\"elementor-widget-container\">\n\t\t\t\t\t<div class=\"elementor-button-wrapper\">\n\t\t\t<a href=\"https:\/\/eu1.hubs.ly\/H07rvNc0\" target=\"_blank\" class=\"elementor-button-link elementor-button elementor-size-sm\" role=\"button\">\n\t\t\t\t\t\t<span class=\"elementor-button-content-wrapper\">\n\t\t\t\t\t\t<span class=\"elementor-button-text\">Book Your Demo Today<\/span>\n\t\t<\/span>\n\t\t\t\t\t<\/a>\n\t\t<\/div>\n\t\t\t\t<\/div>\n\t\t\t\t<\/div>\n\t\t\t\t\t<\/div>\n\t\t\t\t<\/div>\n\t\t\t\t<\/div>\n\t\t\t\t\t\t\t<\/div>\n\t\t\t\t<\/div>\n\t\t\t\t<\/div>\n\t\t\t\t<\/div>\n\t\t\t\t<\/div>\n\t\t<div class=\"elementor-element elementor-element-d0fafa4 e-con-boxed e-con\" data-id=\"d0fafa4\" data-element_type=\"container\" data-settings=\"{&quot;content_width&quot;:&quot;boxed&quot;}\">\n\t\t\t\t\t<div class=\"e-con-inner\">\n\t\t\t\t<div class=\"elementor-element elementor-element-1e7541f elementor-widget elementor-widget-heading\" data-id=\"1e7541f\" data-element_type=\"widget\" data-widget_type=\"heading.default\">\n\t\t\t\t<div class=\"elementor-widget-container\">\n\t\t\t<style>\/*! elementor - v3.12.2 - 23-04-2023 *\/\n.elementor-heading-title{padding:0;margin:0;line-height:1}.elementor-widget-heading .elementor-heading-title[class*=elementor-size-]>a{color:inherit;font-size:inherit;line-height:inherit}.elementor-widget-heading .elementor-heading-title.elementor-size-small{font-size:15px}.elementor-widget-heading .elementor-heading-title.elementor-size-medium{font-size:19px}.elementor-widget-heading .elementor-heading-title.elementor-size-large{font-size:29px}.elementor-widget-heading .elementor-heading-title.elementor-size-xl{font-size:39px}.elementor-widget-heading .elementor-heading-title.elementor-size-xxl{font-size:59px}<\/style><h2 class=\"elementor-heading-title elementor-size-default\">Informations l\u00e9gales<\/h2>\t\t<\/div>\n\t\t\t\t<\/div>\n\t\t\t\t<div class=\"elementor-element elementor-element-461b401 elementor-widget-divider--view-line elementor-widget elementor-widget-divider\" data-id=\"461b401\" data-element_type=\"widget\" data-widget_type=\"divider.default\">\n\t\t\t\t<div class=\"elementor-widget-container\">\n\t\t\t<style>\/*! elementor - v3.12.2 - 23-04-2023 *\/\n.elementor-widget-divider{--divider-border-style:none;--divider-border-width:1px;--divider-color:#0c0d0e;--divider-icon-size:20px;--divider-element-spacing:10px;--divider-pattern-height:24px;--divider-pattern-size:20px;--divider-pattern-url:none;--divider-pattern-repeat:repeat-x}.elementor-widget-divider .elementor-divider{display:flex}.elementor-widget-divider .elementor-divider__text{font-size:15px;line-height:1;max-width:95%}.elementor-widget-divider .elementor-divider__element{margin:0 var(--divider-element-spacing);flex-shrink:0}.elementor-widget-divider .elementor-icon{font-size:var(--divider-icon-size)}.elementor-widget-divider .elementor-divider-separator{display:flex;margin:0;direction:ltr}.elementor-widget-divider--view-line_icon .elementor-divider-separator,.elementor-widget-divider--view-line_text .elementor-divider-separator{align-items:center}.elementor-widget-divider--view-line_icon .elementor-divider-separator:after,.elementor-widget-divider--view-line_icon .elementor-divider-separator:before,.elementor-widget-divider--view-line_text .elementor-divider-separator:after,.elementor-widget-divider--view-line_text .elementor-divider-separator:before{display:block;content:\"\";border-bottom:0;flex-grow:1;border-top:var(--divider-border-width) var(--divider-border-style) var(--divider-color)}.elementor-widget-divider--element-align-left .elementor-divider .elementor-divider-separator>.elementor-divider__svg:first-of-type{flex-grow:0;flex-shrink:100}.elementor-widget-divider--element-align-left .elementor-divider-separator:before{content:none}.elementor-widget-divider--element-align-left .elementor-divider__element{margin-left:0}.elementor-widget-divider--element-align-right .elementor-divider .elementor-divider-separator>.elementor-divider__svg:last-of-type{flex-grow:0;flex-shrink:100}.elementor-widget-divider--element-align-right .elementor-divider-separator:after{content:none}.elementor-widget-divider--element-align-right .elementor-divider__element{margin-right:0}.elementor-widget-divider:not(.elementor-widget-divider--view-line_text):not(.elementor-widget-divider--view-line_icon) .elementor-divider-separator{border-top:var(--divider-border-width) var(--divider-border-style) var(--divider-color)}.elementor-widget-divider--separator-type-pattern{--divider-border-style:none}.elementor-widget-divider--separator-type-pattern.elementor-widget-divider--view-line .elementor-divider-separator,.elementor-widget-divider--separator-type-pattern:not(.elementor-widget-divider--view-line) .elementor-divider-separator:after,.elementor-widget-divider--separator-type-pattern:not(.elementor-widget-divider--view-line) .elementor-divider-separator:before,.elementor-widget-divider--separator-type-pattern:not([class*=elementor-widget-divider--view]) .elementor-divider-separator{width:100%;min-height:var(--divider-pattern-height);-webkit-mask-size:var(--divider-pattern-size) 100%;mask-size:var(--divider-pattern-size) 100%;-webkit-mask-repeat:var(--divider-pattern-repeat);mask-repeat:var(--divider-pattern-repeat);background-color:var(--divider-color);-webkit-mask-image:var(--divider-pattern-url);mask-image:var(--divider-pattern-url)}.elementor-widget-divider--no-spacing{--divider-pattern-size:auto}.elementor-widget-divider--bg-round{--divider-pattern-repeat:round}.rtl .elementor-widget-divider .elementor-divider__text{direction:rtl}.e-con-inner>.elementor-widget-divider,.e-con>.elementor-widget-divider{width:var(--container-widget-width,100%);--flex-grow:var(--container-widget-flex-grow)}<\/style>\t\t<div class=\"elementor-divider\">\n\t\t\t<span class=\"elementor-divider-separator\">\n\t\t\t\t\t\t<\/span>\n\t\t<\/div>\n\t\t\t\t<\/div>\n\t\t\t\t<\/div>\n\t\t\t\t<div class=\"elementor-element elementor-element-8ea427d elementor-widget elementor-widget-text-editor\" data-id=\"8ea427d\" data-element_type=\"widget\" data-widget_type=\"text-editor.default\">\n\t\t\t\t<div class=\"elementor-widget-container\">\n\t\t\t\t\t\t\t<p class=\" translation-block\">Ce site est publi\u00e9 par KAYRROS SAS, Soci\u00e9t\u00e9 par Actions Simplifi\u00e9e de droit fran\u00e7ais, dont le si\u00e8ge social est situ\u00e9 au 33, rue La Fayette 75009 Paris, France, au capital de 238 331,00 \u20ac, immatricul\u00e9e sous le num\u00e9ro 818 399 651 au Registre du Commerce et des Soci\u00e9t\u00e9s de Paris (num\u00e9ro de TVA intracommunautaire : FR52818399651).\n \n\n Antoine Rostand est le pr\u00e9sident de KAYRROS SAS et le directeur de publication du site Kayrros.\n \n\n Ce site est h\u00e9berg\u00e9 par Iguane Solutions dont le si\u00e8ge social est situ\u00e9 au 17, rue [Rue] de Sur\u00e8ne, 75008 Paris, France.<\/p><p>Antoine Rostand est le pr\u00e9sident de KAYRROS SAS et le directeur de publication du site Kayrros.\n \n\n Ce site est h\u00e9berg\u00e9 par Iguane Solutions dont le si\u00e8ge social est situ\u00e9 au 17, rue [Rue] de Sur\u00e8ne, 75008 Paris, France.<\/p><p>Ce site est h\u00e9berg\u00e9 par Iguane Solutions dont le si\u00e8ge social est situ\u00e9 au 17, rue [Rue] de Sur\u00e8ne, 75008 Paris, France.<\/p>\t\t\t\t\t\t<\/div>\n\t\t\t\t<\/div>\n\t\t\t\t<div class=\"elementor-element elementor-element-ae3aa0f elementor-widget elementor-widget-button\" data-id=\"ae3aa0f\" data-element_type=\"widget\" data-widget_type=\"button.default\">\n\t\t\t\t<div class=\"elementor-widget-container\">\n\t\t\t\t\t<div class=\"elementor-button-wrapper\">\n\t\t\t<a href=\"https:\/\/kayrrosdev.sitalacarte-consulting.fr\/wp-content\/uploads\/2023\/02\/Kayrros_INDEX-EGALITE_2019.pdf\" target=\"_blank\" rel=\"nofollow\" class=\"elementor-button-link elementor-button elementor-size-xs\" role=\"button\">\n\t\t\t\t\t\t<span class=\"elementor-button-content-wrapper\">\n\t\t\t\t\t\t\t<span class=\"elementor-button-icon elementor-align-icon-left\">\n\t\t\t\t<svg aria-hidden=\"true\" class=\"e-font-icon-svg e-far-file-alt\" viewbox=\"0 0 384 512\" xmlns=\"http:\/\/www.w3.org\/2000\/svg\"><path d=\"M288 248v28c0 6.6-5.4 12-12 12H108c-6.6 0-12-5.4-12-12v-28c0-6.6 5.4-12 12-12h168c6.6 0 12 5.4 12 12zm-12 72H108c-6.6 0-12 5.4-12 12v28c0 6.6 5.4 12 12 12h168c6.6 0 12-5.4 12-12v-28c0-6.6-5.4-12-12-12zm108-188.1V464c0 26.5-21.5 48-48 48H48c-26.5 0-48-21.5-48-48V48C0 21.5 21.5 0 48 0h204.1C264.8 0 277 5.1 286 14.1L369.9 98c9 8.9 14.1 21.2 14.1 33.9zm-128-80V128h76.1L256 51.9zM336 464V176H232c-13.3 0-24-10.7-24-24V48H48v416h288z\"><\/path><\/svg>\t\t\t<\/span>\n\t\t\t\t\t\t<span class=\"elementor-button-text\">Kayrros 2019 Equality index<\/span>\n\t\t<\/span>\n\t\t\t\t\t<\/a>\n\t\t<\/div>\n\t\t\t\t<\/div>\n\t\t\t\t<\/div>\n\t\t\t\t<div class=\"elementor-element elementor-element-cceda05 elementor-widget elementor-widget-button\" data-id=\"cceda05\" data-element_type=\"widget\" data-widget_type=\"button.default\">\n\t\t\t\t<div class=\"elementor-widget-container\">\n\t\t\t\t\t<div class=\"elementor-button-wrapper\">\n\t\t\t<a href=\"https:\/\/kayrrosdev.sitalacarte-consulting.fr\/wp-content\/uploads\/2023\/02\/Kayrros_INDEX-EGALITE_2020.pdf\" target=\"_blank\" rel=\"nofollow\" class=\"elementor-button-link elementor-button elementor-size-xs\" role=\"button\">\n\t\t\t\t\t\t<span class=\"elementor-button-content-wrapper\">\n\t\t\t\t\t\t\t<span class=\"elementor-button-icon elementor-align-icon-left\">\n\t\t\t\t<svg aria-hidden=\"true\" class=\"e-font-icon-svg e-far-file-alt\" viewbox=\"0 0 384 512\" xmlns=\"http:\/\/www.w3.org\/2000\/svg\"><path d=\"M288 248v28c0 6.6-5.4 12-12 12H108c-6.6 0-12-5.4-12-12v-28c0-6.6 5.4-12 12-12h168c6.6 0 12 5.4 12 12zm-12 72H108c-6.6 0-12 5.4-12 12v28c0 6.6 5.4 12 12 12h168c6.6 0 12-5.4 12-12v-28c0-6.6-5.4-12-12-12zm108-188.1V464c0 26.5-21.5 48-48 48H48c-26.5 0-48-21.5-48-48V48C0 21.5 21.5 0 48 0h204.1C264.8 0 277 5.1 286 14.1L369.9 98c9 8.9 14.1 21.2 14.1 33.9zm-128-80V128h76.1L256 51.9zM336 464V176H232c-13.3 0-24-10.7-24-24V48H48v416h288z\"><\/path><\/svg>\t\t\t<\/span>\n\t\t\t\t\t\t<span class=\"elementor-button-text\">Kayrros 2020 Equality index<\/span>\n\t\t<\/span>\n\t\t\t\t\t<\/a>\n\t\t<\/div>\n\t\t\t\t<\/div>\n\t\t\t\t<\/div>\n\t\t\t\t<div class=\"elementor-element elementor-element-c7d8fca elementor-widget elementor-widget-button\" data-id=\"c7d8fca\" data-element_type=\"widget\" data-widget_type=\"button.default\">\n\t\t\t\t<div class=\"elementor-widget-container\">\n\t\t\t\t\t<div class=\"elementor-button-wrapper\">\n\t\t\t<a href=\"https:\/\/kayrrosdev.sitalacarte-consulting.fr\/wp-content\/uploads\/2023\/02\/Kayrros_INDEX-EGALITE_2021.pdf\" target=\"_blank\" rel=\"nofollow\" class=\"elementor-button-link elementor-button elementor-size-xs\" role=\"button\">\n\t\t\t\t\t\t<span class=\"elementor-button-content-wrapper\">\n\t\t\t\t\t\t\t<span class=\"elementor-button-icon elementor-align-icon-left\">\n\t\t\t\t<svg aria-hidden=\"true\" class=\"e-font-icon-svg e-far-file-alt\" viewbox=\"0 0 384 512\" xmlns=\"http:\/\/www.w3.org\/2000\/svg\"><path d=\"M288 248v28c0 6.6-5.4 12-12 12H108c-6.6 0-12-5.4-12-12v-28c0-6.6 5.4-12 12-12h168c6.6 0 12 5.4 12 12zm-12 72H108c-6.6 0-12 5.4-12 12v28c0 6.6 5.4 12 12 12h168c6.6 0 12-5.4 12-12v-28c0-6.6-5.4-12-12-12zm108-188.1V464c0 26.5-21.5 48-48 48H48c-26.5 0-48-21.5-48-48V48C0 21.5 21.5 0 48 0h204.1C264.8 0 277 5.1 286 14.1L369.9 98c9 8.9 14.1 21.2 14.1 33.9zm-128-80V128h76.1L256 51.9zM336 464V176H232c-13.3 0-24-10.7-24-24V48H48v416h288z\"><\/path><\/svg>\t\t\t<\/span>\n\t\t\t\t\t\t<span class=\"elementor-button-text\">Kayrros 2021 Equality index<\/span>\n\t\t<\/span>\n\t\t\t\t\t<\/a>\n\t\t<\/div>\n\t\t\t\t<\/div>\n\t\t\t\t<\/div>\n\t\t\t\t\t<\/div>\n\t\t\t\t<\/div>\n\t\t\t\t\t\t\t<\/div>","protected":false},"excerpt":{"rendered":"<p>Legal Information This website is published by KAYRROS SAS, a French simplified share company (Soci\u00e9t\u00e9 par Actions Simplifi\u00e9e), having its registered office at 33, rue La Fayette 75009 Paris, France, with a share capital of \u20ac 238,331.00, registered under number 818 399 651 with the Paris Trade and Companies Register (EU VAT number: FR52818399651). Antoine &#8230; <a title=\"Informations juridiques\" class=\"read-more\" href=\"https:\/\/kayrrosdev.sitalacarte-consulting.fr\/fr\/legal-information\/\" aria-label=\"En savoir plus sur Legal information\">Lire la suite<\/a><\/p>","protected":false},"author":1,"featured_media":0,"parent":0,"menu_order":0,"comment_status":"closed","ping_status":"closed","template":"elementor_header_footer","meta":{"content-type":"","footnotes":""},"categories":[],"tags":[],"class_list":["post-10761","page","type-page","status-publish"],"acf":[],"yoast_head":"<!-- This site is optimized with the Yoast SEO plugin v20.6 - https:\/\/yoast.com\/wordpress\/plugins\/seo\/ -->\n<title>Legal information - Kayrros<\/title>\n<meta name=\"description\" content=\"Kayrros satellite-based technology independently measures the footprint of human activity on the environment at a global level\" \/>\n<meta name=\"robots\" content=\"index, follow, max-snippet:-1, max-image-preview:large, max-video-preview:-1\" \/>\n<link rel=\"canonical\" href=\"https:\/\/kayrrosdev.sitalacarte-consulting.fr\/fr\/legal-information\/\" \/>\n<meta property=\"og:locale\" content=\"fr_FR\" \/>\n<meta property=\"og:type\" content=\"article\" \/>\n<meta property=\"og:title\" content=\"Legal information - Kayrros\" \/>\n<meta property=\"og:description\" content=\"Kayrros satellite-based technology independently measures the footprint of human activity on the environment at a global level\" \/>\n<meta property=\"og:url\" content=\"https:\/\/kayrrosdev.sitalacarte-consulting.fr\/fr\/legal-information\/\" \/>\n<meta property=\"og:site_name\" content=\"Kayrros\" \/>\n<meta property=\"article:modified_time\" content=\"2023-06-30T10:25:12+00:00\" \/>\n<meta name=\"twitter:card\" content=\"summary_large_image\" \/>\n<meta name=\"twitter:label1\" content=\"Dur\u00e9e de lecture estim\u00e9e\" \/>\n\t<meta name=\"twitter:data1\" content=\"1 minute\" \/>\n<script type=\"application\/ld+json\" class=\"yoast-schema-graph\">{\"@context\":\"https:\/\/schema.org\",\"@graph\":[{\"@type\":\"WebPage\",\"@id\":\"https:\/\/kayrrosdev.sitalacarte-consulting.fr\/legal-information\/\",\"url\":\"https:\/\/kayrrosdev.sitalacarte-consulting.fr\/legal-information\/\",\"name\":\"Legal information - Kayrros\",\"isPartOf\":{\"@id\":\"https:\/\/kayrrosdev.sitalacarte-consulting.fr\/#website\"},\"datePublished\":\"2023-02-10T12:50:56+00:00\",\"dateModified\":\"2023-06-30T10:25:12+00:00\",\"description\":\"Kayrros satellite-based technology independently measures the footprint of human activity on the environment at a global level\",\"breadcrumb\":{\"@id\":\"https:\/\/kayrrosdev.sitalacarte-consulting.fr\/legal-information\/#breadcrumb\"},\"inLanguage\":\"fr-FR\",\"potentialAction\":[{\"@type\":\"ReadAction\",\"target\":[\"https:\/\/kayrrosdev.sitalacarte-consulting.fr\/legal-information\/\"]}]},{\"@type\":\"BreadcrumbList\",\"@id\":\"https:\/\/kayrrosdev.sitalacarte-consulting.fr\/legal-information\/#breadcrumb\",\"itemListElement\":[{\"@type\":\"ListItem\",\"position\":1,\"name\":\"Home\",\"item\":\"https:\/\/kayrrosdev.sitalacarte-consulting.fr\/\"},{\"@type\":\"ListItem\",\"position\":2,\"name\":\"Legal information\"}]},{\"@type\":\"WebSite\",\"@id\":\"https:\/\/kayrrosdev.sitalacarte-consulting.fr\/#website\",\"url\":\"https:\/\/kayrrosdev.sitalacarte-consulting.fr\/\",\"name\":\"Kayrros\",\"description\":\"Disruptive Analytics for Energy Markets\",\"publisher\":{\"@id\":\"https:\/\/kayrrosdev.sitalacarte-consulting.fr\/#organization\"},\"potentialAction\":[{\"@type\":\"SearchAction\",\"target\":{\"@type\":\"EntryPoint\",\"urlTemplate\":\"https:\/\/kayrrosdev.sitalacarte-consulting.fr\/?s={search_term_string}\"},\"query-input\":\"required name=search_term_string\"}],\"inLanguage\":\"fr-FR\"},{\"@type\":\"Organization\",\"@id\":\"https:\/\/kayrrosdev.sitalacarte-consulting.fr\/#organization\",\"name\":\"Kayrros\",\"url\":\"https:\/\/kayrrosdev.sitalacarte-consulting.fr\/\",\"logo\":{\"@type\":\"ImageObject\",\"inLanguage\":\"fr-FR\",\"@id\":\"https:\/\/kayrrosdev.sitalacarte-consulting.fr\/#\/schema\/logo\/image\/\",\"url\":\"https:\/\/kayrrosdev.sitalacarte-consulting.fr\/wp-content\/uploads\/2023\/02\/Logo-Full_colour.png\",\"contentUrl\":\"https:\/\/kayrrosdev.sitalacarte-consulting.fr\/wp-content\/uploads\/2023\/02\/Logo-Full_colour.png\",\"width\":3247,\"height\":926,\"caption\":\"Kayrros\"},\"image\":{\"@id\":\"https:\/\/kayrrosdev.sitalacarte-consulting.fr\/#\/schema\/logo\/image\/\"}}]}<\/script>\n<!-- \/ Yoast SEO plugin. -->","yoast_head_json":{"title":"Legal information - Kayrros","description":"Kayrros satellite-based technology independently measures the footprint of human activity on the environment at a global level","robots":{"index":"index","follow":"follow","max-snippet":"max-snippet:-1","max-image-preview":"max-image-preview:large","max-video-preview":"max-video-preview:-1"},"canonical":"https:\/\/kayrrosdev.sitalacarte-consulting.fr\/fr\/legal-information\/","og_locale":"fr_FR","og_type":"article","og_title":"Legal information - Kayrros","og_description":"Kayrros satellite-based technology independently measures the footprint of human activity on the environment at a global level","og_url":"https:\/\/kayrrosdev.sitalacarte-consulting.fr\/fr\/legal-information\/","og_site_name":"Kayrros","article_modified_time":"2023-06-30T10:25:12+00:00","twitter_card":"summary_large_image","twitter_misc":{"Dur\u00e9e de lecture estim\u00e9e":"1 minute"},"schema":{"@context":"https:\/\/schema.org","@graph":[{"@type":"WebPage","@id":"https:\/\/kayrrosdev.sitalacarte-consulting.fr\/legal-information\/","url":"https:\/\/kayrrosdev.sitalacarte-consulting.fr\/legal-information\/","name":"Legal information - Kayrros","isPartOf":{"@id":"https:\/\/kayrrosdev.sitalacarte-consulting.fr\/#website"},"datePublished":"2023-02-10T12:50:56+00:00","dateModified":"2023-06-30T10:25:12+00:00","description":"Kayrros satellite-based technology independently measures the footprint of human activity on the environment at a global level","breadcrumb":{"@id":"https:\/\/kayrrosdev.sitalacarte-consulting.fr\/legal-information\/#breadcrumb"},"inLanguage":"fr-FR","potentialAction":[{"@type":"ReadAction","target":["https:\/\/kayrrosdev.sitalacarte-consulting.fr\/legal-information\/"]}]},{"@type":"BreadcrumbList","@id":"https:\/\/kayrrosdev.sitalacarte-consulting.fr\/legal-information\/#breadcrumb","itemListElement":[{"@type":"ListItem","position":1,"name":"Home","item":"https:\/\/kayrrosdev.sitalacarte-consulting.fr\/"},{"@type":"ListItem","position":2,"name":"Legal information"}]},{"@type":"WebSite","@id":"https:\/\/kayrrosdev.sitalacarte-consulting.fr\/#website","url":"https:\/\/kayrrosdev.sitalacarte-consulting.fr\/","name":"Kayrros","description":"Disruptive Analytics for Energy Markets","publisher":{"@id":"https:\/\/kayrrosdev.sitalacarte-consulting.fr\/#organization"},"potentialAction":[{"@type":"SearchAction","target":{"@type":"EntryPoint","urlTemplate":"https:\/\/kayrrosdev.sitalacarte-consulting.fr\/?s={search_term_string}"},"query-input":"required name=search_term_string"}],"inLanguage":"fr-FR"},{"@type":"Organization","@id":"https:\/\/kayrrosdev.sitalacarte-consulting.fr\/#organization","name":"Kayrros","url":"https:\/\/kayrrosdev.sitalacarte-consulting.fr\/","logo":{"@type":"ImageObject","inLanguage":"fr-FR","@id":"https:\/\/kayrrosdev.sitalacarte-consulting.fr\/#\/schema\/logo\/image\/","url":"https:\/\/kayrrosdev.sitalacarte-consulting.fr\/wp-content\/uploads\/2023\/02\/Logo-Full_colour.png","contentUrl":"https:\/\/kayrrosdev.sitalacarte-consulting.fr\/wp-content\/uploads\/2023\/02\/Logo-Full_colour.png","width":3247,"height":926,"caption":"Kayrros"},"image":{"@id":"https:\/\/kayrrosdev.sitalacarte-consulting.fr\/#\/schema\/logo\/image\/"}}]}},"_links":{"self":[{"href":"https:\/\/kayrrosdev.sitalacarte-consulting.fr\/fr\/wp-json\/wp\/v2\/pages\/10761","targetHints":{"allow":["GET"]}}],"collection":[{"href":"https:\/\/kayrrosdev.sitalacarte-consulting.fr\/fr\/wp-json\/wp\/v2\/pages"}],"about":[{"href":"https:\/\/kayrrosdev.sitalacarte-consulting.fr\/fr\/wp-json\/wp\/v2\/types\/page"}],"author":[{"embeddable":true,"href":"https:\/\/kayrrosdev.sitalacarte-consulting.fr\/fr\/wp-json\/wp\/v2\/users\/1"}],"replies":[{"embeddable":true,"href":"https:\/\/kayrrosdev.sitalacarte-consulting.fr\/fr\/wp-json\/wp\/v2\/comments?post=10761"}],"version-history":[{"count":3,"href":"https:\/\/kayrrosdev.sitalacarte-consulting.fr\/fr\/wp-json\/wp\/v2\/pages\/10761\/revisions"}],"predecessor-version":[{"id":16756,"href":"https:\/\/kayrrosdev.sitalacarte-consulting.fr\/fr\/wp-json\/wp\/v2\/pages\/10761\/revisions\/16756"}],"wp:attachment":[{"href":"https:\/\/kayrrosdev.sitalacarte-consulting.fr\/fr\/wp-json\/wp\/v2\/media?parent=10761"}],"wp:term":[{"taxonomy":"category","embeddable":true,"href":"https:\/\/kayrrosdev.sitalacarte-consulting.fr\/fr\/wp-json\/wp\/v2\/categories?post=10761"},{"taxonomy":"post_tag","embeddable":true,"href":"https:\/\/kayrrosdev.sitalacarte-consulting.fr\/fr\/wp-json\/wp\/v2\/tags?post=10761"}],"curies":[{"name":"wp","href":"https:\/\/api.w.org\/{rel}","templated":true}]}}