
{"id":10468,"date":"2023-02-06T15:53:40","date_gmt":"2023-02-06T14:53:40","guid":{"rendered":"https:\/\/staging.kayrros.com\/?page_id=10468"},"modified":"2024-02-13T16:30:30","modified_gmt":"2024-02-13T15:30:30","slug":"request-a-demo","status":"publish","type":"page","link":"https:\/\/kayrrosdev.sitalacarte-consulting.fr\/fr\/request-a-demo\/","title":{"rendered":"Request a demo"},"content":{"rendered":"<div data-elementor-type=\"wp-page\" data-elementor-id=\"10468\" class=\"elementor elementor-10468\">\n\t\t\t\t\t\t\t<div class=\"elementor-element elementor-element-2c2f2e0 e-con-full e-con\" data-id=\"2c2f2e0\" data-element_type=\"container\" data-settings=\"{&quot;content_width&quot;:&quot;full&quot;,&quot;background_background&quot;:&quot;classic&quot;}\">\n\t\t\t\t<div class=\"elementor-element elementor-element-62817dfb elementor-widget__width-inherit elementor-widget elementor-widget-template\" data-id=\"62817dfb\" data-element_type=\"widget\" data-widget_type=\"template.default\">\n\t\t\t\t<div class=\"elementor-widget-container\">\n\t\t\t\t\t<div class=\"elementor-template\">\n\t\t\t\t\t<div data-elementor-type=\"container\" data-elementor-id=\"16695\" class=\"elementor elementor-16695\">\n\t\t\t\t\t\t\t<div class=\"elementor-element elementor-element-d3da5f4 e-con-full e-con\" data-id=\"d3da5f4\" data-element_type=\"container\" data-settings=\"{&quot;content_width&quot;:&quot;full&quot;,&quot;background_background&quot;:&quot;classic&quot;}\">\n\t\t\t\t<div class=\"elementor-element elementor-element-308a295 elementor-widget elementor-widget-text-editor\" data-id=\"308a295\" data-element_type=\"widget\" data-widget_type=\"text-editor.default\">\n\t\t\t\t<div class=\"elementor-widget-container\">\n\t\t\t<style>\/*! elementor - v3.12.2 - 23-04-2023 *\/\n.elementor-widget-text-editor.elementor-drop-cap-view-stacked .elementor-drop-cap{background-color:#69727d;color:#fff}.elementor-widget-text-editor.elementor-drop-cap-view-framed .elementor-drop-cap{color:#69727d;border:3px solid;background-color:transparent}.elementor-widget-text-editor:not(.elementor-drop-cap-view-default) .elementor-drop-cap{margin-top:8px}.elementor-widget-text-editor:not(.elementor-drop-cap-view-default) .elementor-drop-cap-letter{width:1em;height:1em}.elementor-widget-text-editor .elementor-drop-cap{float:left;text-align:center;line-height:1;font-size:50px}.elementor-widget-text-editor .elementor-drop-cap-letter{display:inline-block}<\/style>\t\t\t\t<p><strong>Discover Kayrros ERCOT Impact Monitor at ERCOT Market Summit<\/strong> \u279d Get the most timely and accurate information on capacity additions to the grid, with cutting-edge satellite imagery and AI.<\/p>\t\t\t\t\t\t<\/div>\n\t\t\t\t<\/div>\n\t\t<div class=\"elementor-element elementor-element-e9f9fea e-con-boxed e-con\" data-id=\"e9f9fea\" data-element_type=\"container\" data-settings=\"{&quot;content_width&quot;:&quot;boxed&quot;}\">\n\t\t\t\t\t<div class=\"e-con-inner\">\n\t\t\t\t<div class=\"elementor-element elementor-element-6ef5609 elementor-align-center elementor-widget elementor-widget-button\" data-id=\"6ef5609\" data-element_type=\"widget\" data-widget_type=\"button.default\">\n\t\t\t\t<div class=\"elementor-widget-container\">\n\t\t\t\t\t<div class=\"elementor-button-wrapper\">\n\t\t\t<a href=\"https:\/\/eu1.hubs.ly\/H07rvNc0\" target=\"_blank\" class=\"elementor-button-link elementor-button elementor-size-sm\" role=\"button\">\n\t\t\t\t\t\t<span class=\"elementor-button-content-wrapper\">\n\t\t\t\t\t\t<span class=\"elementor-button-text\">Book Your Demo Today<\/span>\n\t\t<\/span>\n\t\t\t\t\t<\/a>\n\t\t<\/div>\n\t\t\t\t<\/div>\n\t\t\t\t<\/div>\n\t\t\t\t\t<\/div>\n\t\t\t\t<\/div>\n\t\t\t\t<\/div>\n\t\t\t\t\t\t\t<\/div>\n\t\t\t\t<\/div>\n\t\t\t\t<\/div>\n\t\t\t\t<\/div>\n\t\t\t\t<\/div>\n\t\t<div class=\"elementor-element elementor-element-36ab198 e-con-boxed e-con\" data-id=\"36ab198\" data-element_type=\"container\" data-settings=\"{&quot;content_width&quot;:&quot;boxed&quot;}\">\n\t\t\t\t\t<div class=\"e-con-inner\">\n\t\t\t\t<div class=\"elementor-element elementor-element-8380e33 elementor-widget elementor-widget-heading\" data-id=\"8380e33\" data-element_type=\"widget\" data-widget_type=\"heading.default\">\n\t\t\t\t<div class=\"elementor-widget-container\">\n\t\t\t<style>\/*! elementor - v3.12.2 - 23-04-2023 *\/\n.elementor-heading-title{padding:0;margin:0;line-height:1}.elementor-widget-heading .elementor-heading-title[class*=elementor-size-]>a{color:inherit;font-size:inherit;line-height:inherit}.elementor-widget-heading .elementor-heading-title.elementor-size-small{font-size:15px}.elementor-widget-heading .elementor-heading-title.elementor-size-medium{font-size:19px}.elementor-widget-heading .elementor-heading-title.elementor-size-large{font-size:29px}.elementor-widget-heading .elementor-heading-title.elementor-size-xl{font-size:39px}.elementor-widget-heading .elementor-heading-title.elementor-size-xxl{font-size:59px}<\/style><h2 class=\"elementor-heading-title elementor-size-default\">DEMANDER UNE D\u00c9MONSTRATION<\/h2>\t\t<\/div>\n\t\t\t\t<\/div>\n\t\t\t\t\t<\/div>\n\t\t\t\t<\/div>\n\t\t<div class=\"elementor-element elementor-element-1631e508 e-con-boxed e-con\" data-id=\"1631e508\" data-element_type=\"container\" data-settings=\"{&quot;content_width&quot;:&quot;boxed&quot;}\">\n\t\t\t\t\t<div class=\"e-con-inner\">\n\t\t\t\t<div class=\"elementor-element elementor-element-3860c52 elementor-widget elementor-widget-html\" data-id=\"3860c52\" data-element_type=\"widget\" data-widget_type=\"html.default\">\n\t\t\t\t<div class=\"elementor-widget-container\">\n\t\t\t<script charset=\"utf-8\" type=\"text\/javascript\" src=\"\/\/js-eu1.hsforms.net\/forms\/embed\/v2.js\"><\/script>\n<script>\n  hbspt.forms.create({\n    region: \"eu1\",\n    portalId: \"26199306\",\n    formId: \"2e329fe7-4398-4a37-b7d0-e2f822b6fbc3\"\n  });\n<\/script>\n<script>\n    window.addEventListener(\"message\", function(event) {\n    if(event.data.type === 'hsFormCallback' && event.data.eventName === 'onFormSubmitted') {\n      _paq.push([\n\t\t\t\t'trackEvent', \n\t\t\t\t'Lead', \n\t\t\t\t'Form Submitted', \n\t\t\t\t'Request A Demo'\n\t\t\t]);\n      window.dataLayer.push({\n        'event': 'hubspot-form-success',\n        'hs-form-guid': event.data.id\n      });\n    }\n});\n<\/script>\t\t<\/div>\n\t\t\t\t<\/div>\n\t\t\t\t<div class=\"elementor-element elementor-element-18b7504d elementor-hidden-desktop elementor-hidden-tablet elementor-hidden-mobile elementor-widget elementor-widget-premium-contact-form\" data-id=\"18b7504d\" data-element_type=\"widget\" id=\"demo_form_7\" data-widget_type=\"premium-contact-form.default\">\n\t\t\t\t<div class=\"elementor-widget-container\">\n\t\t\t\r\n\t\t\t<div class=\"premium-cf7-container\">\r\n\t\t\t\t\n<div class=\"wpcf7 no-js\" id=\"wpcf7-f16015-o1\" lang=\"en-US\" dir=\"ltr\">\n<div class=\"screen-reader-response\"><p role=\"status\" aria-live=\"polite\" aria-atomic=\"true\"><\/p> <ul><\/ul><\/div>\n<form action=\"\/fr\/wp-json\/wp\/v2\/pages\/10468#wpcf7-f16015-o1\" method=\"post\" class=\"wpcf7-form init\" aria-label=\"Contact form\" novalidate=\"novalidate\" data-status=\"init\" data-trp-original-action=\"\/fr\/wp-json\/wp\/v2\/pages\/10468#wpcf7-f16015-o1\">\n<div style=\"display: none;\">\n<input type=\"hidden\" name=\"_wpcf7\" value=\"16015\" \/>\n<input type=\"hidden\" name=\"_wpcf7_version\" value=\"5.7.6\" \/>\n<input type=\"hidden\" name=\"_wpcf7_locale\" value=\"en_US\" \/>\n<input type=\"hidden\" name=\"_wpcf7_unit_tag\" value=\"wpcf7-f16015-o1\" \/>\n<input type=\"hidden\" name=\"_wpcf7_container_post\" value=\"0\" \/>\n<input type=\"hidden\" name=\"_wpcf7_posted_data_hash\" value=\"\" \/>\n<\/div>\n<div class=\"form_row\">\n\t<div class=\"form_col\">\n\t\t<p><label> Nom complet*<span class=\"required_notice\">*<\/span><br \/>\n<span class=\"wpcf7-form-control-wrap\" data-name=\"your-fullname\"><input size=\"40\" class=\"wpcf7-form-control wpcf7-text wpcf7-validates-as-required\" autocomplete=\"name\" aria-required=\"true\" aria-invalid=\"false\" placeholder=\"Nom complet*\" value=\"\" type=\"text\" name=\"your-fullname\" \/><\/span> <\/label>\n\t\t<\/p>\n\t<\/div>\n\t<div class=\"form_col\">\n\t\t<p><label> Votre lieu de r\u00e9sidence*<span class=\"required_notice\">*<\/span><br \/>\n<span class=\"wpcf7-form-control-wrap\" data-name=\"your-location\"><select class=\"wpcf7-form-control wpcf7-select wpcf7-validates-as-required\" aria-required=\"true\" aria-invalid=\"false\" name=\"your-location\"><option value=\"Asia\">Asia<\/option><option value=\"NY\">NY<\/option><option value=\"Houston\">Houston<\/option><option value=\"Rest of US\">Rest of US<\/option><option value=\"Europe\">Europe<\/option><option value=\"Middle East\">Middle East<\/option><option value=\"Other\">Other<\/option><\/select><\/span><\/label>\n\t\t<\/p>\n\t<\/div>\n<\/div>\n<div class=\"form_row\">\n\t<div class=\"form_col\">\n\t\t<p><label> Courriel professionnel<span class=\"required_notice\">*<\/span><br \/>\n<span class=\"wpcf7-form-control-wrap\" data-name=\"your-email\"><input size=\"40\" class=\"wpcf7-form-control wpcf7-text wpcf7-email wpcf7-validates-as-required wpcf7-validates-as-email\" autocomplete=\"email\" aria-required=\"true\" aria-invalid=\"false\" placeholder=\"Courriel professionnel\" value=\"\" type=\"email\" name=\"your-email\" \/><\/span> <\/label>\n\t\t<\/p>\n\t<\/div>\n\t<div class=\"form_col\">\n\t\t<p><label> Num\u00e9ro de t\u00e9l\u00e9phone*<span class=\"required_notice\">*<\/span><br \/>\n<span class=\"wpcf7-form-control-wrap\" data-name=\"your-phone\"><input size=\"40\" class=\"wpcf7-form-control wpcf7-text wpcf7-tel wpcf7-validates-as-required wpcf7-validates-as-tel\" aria-required=\"true\" aria-invalid=\"false\" placeholder=\"Num\u00e9ro de t\u00e9l\u00e9phone\" value=\"\" type=\"tel\" name=\"your-phone\" \/><\/span><\/label>\n\t\t<\/p>\n\t<\/div>\n<\/div>\n<div class=\"form_row\">\n\t<div class=\"form_col\">\n\t\t<p><label> Entreprise<span class=\"required_notice\">*<\/span><br \/>\n<span class=\"wpcf7-form-control-wrap\" data-name=\"your-company\"><input size=\"40\" class=\"wpcf7-form-control wpcf7-text wpcf7-validates-as-required\" aria-required=\"true\" aria-invalid=\"false\" placeholder=\"Entreprise\" value=\"\" type=\"text\" name=\"your-company\" \/><\/span><\/label>\n\t\t<\/p>\n\t<\/div>\n\t<div class=\"form_col\">\n\t\t<p><label> Nombre de salari\u00e9s*<span class=\"required_notice\">*<\/span><br \/>\n<span class=\"wpcf7-form-control-wrap\" data-name=\"your-company-size\"><select class=\"wpcf7-form-control wpcf7-select wpcf7-validates-as-required\" aria-required=\"true\" aria-invalid=\"false\" name=\"your-company-size\"><option value=\"1\">1<\/option><option value=\"2-10\">2-10<\/option><option value=\"10-50\">10-50<\/option><option value=\"50-100\">50-100<\/option><option value=\"100-200\">100-200<\/option><option value=\"200+\">200+<\/option><\/select><\/span><br \/>\n<\/label>\n\t\t<\/p>\n\t<\/div>\n<\/div>\n<div class=\"form_row\">\n\t<div class=\"form_col\">\n\t\t<p><label> Message<br \/>\n<span class=\"wpcf7-form-control-wrap\" data-name=\"your-message\"><textarea cols=\"40\" rows=\"10\" class=\"wpcf7-form-control wpcf7-textarea wpcf7-validates-as-required\" aria-required=\"true\" aria-invalid=\"false\" placeholder=\"Votre message. Veuillez \u00e9galement indiquer votre secteur d&#039;activit\u00e9.\" name=\"your-message\"><\/textarea><\/span><br \/>\n<\/label>\n\t\t<\/p>\n\t<\/div>\n<\/div>\n<div class=\"form_row\">\n\t<div class=\"form_col\">\n\t\t<p><label><br \/>\n<span class=\"wpcf7-form-control-wrap\" data-name=\"acceptance-newsletter\"><span class=\"wpcf7-form-control wpcf7-acceptance optional\"><span class=\"wpcf7-list-item\"><input type=\"checkbox\" name=\"acceptance-newsletter\" value=\"1\" aria-invalid=\"false\" \/><\/span><\/span><\/span> S'abonner \u00e0 la newsletter de Kayrros<\/label>\n\t\t<\/p>\n\t<\/div>\n<\/div>\n<div class=\"form_row\">\n\t<div class=\"form_col\">\n\t\t<p><label> <span class=\"wpcf7-form-control-wrap\" data-name=\"acceptance-gdpr\"><span class=\"wpcf7-form-control wpcf7-acceptance\"><span class=\"wpcf7-list-item\"><input type=\"checkbox\" name=\"acceptance-gdpr\" value=\"1\" aria-invalid=\"false\" \/><\/span><\/span><\/span> D\u00e9claration GDPR<span class=\"required_notice\">*<\/span> En cliquant sur le bouton, vous acceptez de partager vos informations personnelles avec Kayrros. Pour savoir comment Kayrros utilise vos informations, vos droits en mati\u00e8re de protection des donn\u00e9es et la mani\u00e8re de les faire valoir, veuillez consulter notre page Politique de confidentialit\u00e9. <a href=\"https:\/\/kayrrosdev.sitalacarte-consulting.fr\/fr\/privacy-policy\/\" target=\"_blank\">Privacy Policy page<\/a><\/label>\n\t\t<\/p>\n\t<\/div>\n<\/div>\n<div class=\"form_row\">\n\t<div class=\"form_col form_col_submit\">\n\t<input class=\"wpcf7-form-control wpcf7-hidden\" value=\"\" type=\"hidden\" name=\"utm_source\" \/>\n\t<input class=\"wpcf7-form-control wpcf7-hidden\" value=\"\" type=\"hidden\" name=\"utm_medium\" \/>\n\t<input class=\"wpcf7-form-control wpcf7-hidden\" value=\"\" type=\"hidden\" name=\"utm_campaign\" \/>\n\t<input class=\"wpcf7-form-control wpcf7-hidden\" value=\"\" type=\"hidden\" name=\"utm_content\" \/>\n\t<input class=\"wpcf7-form-control wpcf7-hidden\" value=\"\" type=\"hidden\" name=\"utm_term\" \/>\n\t\t<p><input class=\"wpcf7-form-control has-spinner wpcf7-submit\" type=\"submit\" value=\"SOUMETTRE\" \/>\n\t\t<\/p>\n\t<\/div>\n<\/div><div class=\"wpcf7-response-output\" aria-hidden=\"true\"><\/div>\n<input type=\"hidden\" name=\"trp-form-language\" value=\"fr\"\/><\/form>\n<\/div>\n\t\t\t<\/div>\r\n\r\n\t\t\t\t\t<\/div>\n\t\t\t\t<\/div>\n\t\t\t\t<div class=\"elementor-element elementor-element-4a697ba9 elementor-hidden-desktop elementor-hidden-tablet elementor-hidden-mobile elementor-widget elementor-widget-html\" data-id=\"4a697ba9\" data-element_type=\"widget\" data-widget_type=\"html.default\">\n\t\t\t\t<div class=\"elementor-widget-container\">\n\t\t\t<script>\nvar inputs;\nvar form_container;\nvar selects;\nvar textareas;\nform_container = document.getElementById('demo_form_7');\ninputs = form_container.getElementsByTagName('input');\nselects = form_container.getElementsByTagName(\"select\");\ntextareas = form_container.getElementsByTagName(\"textarea\")\n\nfor (let index = 0; index < inputs.length; ++index) {\n    inputs[index].addEventListener(\"change\", (event) => {\n        event.target.style.borderColor = event.target.value != '' ? \"#2197D1\" : \"#B4B4B4\";\n    });\n}\nfor (let index = 0; index < selects.length; ++index) {\n    selects[index].addEventListener(\"change\", (event) => {\n        event.target.style.borderColor = event.target.value != '' ? \"#2197D1\" : \"#B4B4B4\";\n    });\n}\nfor (let index = 0; index < textareas.length; ++index) {\n    textareas[index].addEventListener(\"change\", (event) => {\n        event.target.style.borderColor = event.target.value != '' ? \"#2197D1\" : \"#B4B4B4\";\n    });\n}\n<\/script>\t\t<\/div>\n\t\t\t\t<\/div>\n\t\t\t\t\t<\/div>\n\t\t\t\t<\/div>\n\t\t\t\t\t\t\t<\/div>","protected":false},"excerpt":{"rendered":"<p>REQUEST A DEMO Full Name* Your location* AsiaNYHoustonRest of USEuropeMiddle EastOther Business Email* Phone number* Company* Number of employees* 12-1010-5050-100100-200200+ Message Subscribe to Kayrros Newsletter GDPR Statement* : By clicking on the button, you agree to share your personal information with Kayrros. To know how Kayrros uses your information, your rights regarding data protection and &#8230; <a title=\"Request a demo\" class=\"read-more\" href=\"https:\/\/kayrrosdev.sitalacarte-consulting.fr\/fr\/request-a-demo\/\" aria-label=\"En savoir plus sur Request a demo\">Lire la suite<\/a><\/p>","protected":false},"author":1,"featured_media":0,"parent":0,"menu_order":0,"comment_status":"closed","ping_status":"closed","template":"elementor_header_footer","meta":{"content-type":"","footnotes":""},"class_list":["post-10468","page","type-page","status-publish"],"acf":[],"yoast_head":"<!-- This site is optimized with the Yoast SEO plugin v20.6 - https:\/\/yoast.com\/wordpress\/plugins\/seo\/ -->\n<title>Request a demo - Kayrros<\/title>\n<meta name=\"description\" content=\"Kayrros satellite-based technology independently measures the footprint of human activity on the environment at a global level\" \/>\n<meta name=\"robots\" content=\"index, follow, max-snippet:-1, max-image-preview:large, max-video-preview:-1\" \/>\n<link rel=\"canonical\" href=\"https:\/\/kayrrosdev.sitalacarte-consulting.fr\/fr\/request-a-demo\/\" \/>\n<meta property=\"og:locale\" content=\"fr_FR\" \/>\n<meta property=\"og:type\" content=\"article\" \/>\n<meta property=\"og:title\" content=\"Request a demo - Kayrros\" \/>\n<meta property=\"og:description\" content=\"Kayrros satellite-based technology independently measures the footprint of human activity on the environment at a global level\" \/>\n<meta property=\"og:url\" content=\"https:\/\/kayrrosdev.sitalacarte-consulting.fr\/fr\/request-a-demo\/\" \/>\n<meta property=\"og:site_name\" content=\"Kayrros\" \/>\n<meta property=\"article:modified_time\" content=\"2024-02-13T15:30:30+00:00\" \/>\n<meta name=\"twitter:card\" content=\"summary_large_image\" \/>\n<meta name=\"twitter:label1\" content=\"Dur\u00e9e de lecture estim\u00e9e\" \/>\n\t<meta name=\"twitter:data1\" content=\"2 minutes\" \/>\n<script type=\"application\/ld+json\" class=\"yoast-schema-graph\">{\"@context\":\"https:\/\/schema.org\",\"@graph\":[{\"@type\":\"WebPage\",\"@id\":\"https:\/\/kayrrosdev.sitalacarte-consulting.fr\/request-a-demo\/\",\"url\":\"https:\/\/kayrrosdev.sitalacarte-consulting.fr\/request-a-demo\/\",\"name\":\"Request a demo - Kayrros\",\"isPartOf\":{\"@id\":\"https:\/\/kayrrosdev.sitalacarte-consulting.fr\/#website\"},\"datePublished\":\"2023-02-06T14:53:40+00:00\",\"dateModified\":\"2024-02-13T15:30:30+00:00\",\"description\":\"Kayrros satellite-based technology independently measures the footprint of human activity on the environment at a global level\",\"breadcrumb\":{\"@id\":\"https:\/\/kayrrosdev.sitalacarte-consulting.fr\/request-a-demo\/#breadcrumb\"},\"inLanguage\":\"fr-FR\",\"potentialAction\":[{\"@type\":\"ReadAction\",\"target\":[\"https:\/\/kayrrosdev.sitalacarte-consulting.fr\/request-a-demo\/\"]}]},{\"@type\":\"BreadcrumbList\",\"@id\":\"https:\/\/kayrrosdev.sitalacarte-consulting.fr\/request-a-demo\/#breadcrumb\",\"itemListElement\":[{\"@type\":\"ListItem\",\"position\":1,\"name\":\"Home\",\"item\":\"https:\/\/kayrrosdev.sitalacarte-consulting.fr\/\"},{\"@type\":\"ListItem\",\"position\":2,\"name\":\"Request a demo\"}]},{\"@type\":\"WebSite\",\"@id\":\"https:\/\/kayrrosdev.sitalacarte-consulting.fr\/#website\",\"url\":\"https:\/\/kayrrosdev.sitalacarte-consulting.fr\/\",\"name\":\"Kayrros\",\"description\":\"Disruptive Analytics for Energy Markets\",\"publisher\":{\"@id\":\"https:\/\/kayrrosdev.sitalacarte-consulting.fr\/#organization\"},\"potentialAction\":[{\"@type\":\"SearchAction\",\"target\":{\"@type\":\"EntryPoint\",\"urlTemplate\":\"https:\/\/kayrrosdev.sitalacarte-consulting.fr\/?s={search_term_string}\"},\"query-input\":\"required name=search_term_string\"}],\"inLanguage\":\"fr-FR\"},{\"@type\":\"Organization\",\"@id\":\"https:\/\/kayrrosdev.sitalacarte-consulting.fr\/#organization\",\"name\":\"Kayrros\",\"url\":\"https:\/\/kayrrosdev.sitalacarte-consulting.fr\/\",\"logo\":{\"@type\":\"ImageObject\",\"inLanguage\":\"fr-FR\",\"@id\":\"https:\/\/kayrrosdev.sitalacarte-consulting.fr\/#\/schema\/logo\/image\/\",\"url\":\"https:\/\/kayrrosdev.sitalacarte-consulting.fr\/wp-content\/uploads\/2023\/02\/Logo-Full_colour.png\",\"contentUrl\":\"https:\/\/kayrrosdev.sitalacarte-consulting.fr\/wp-content\/uploads\/2023\/02\/Logo-Full_colour.png\",\"width\":3247,\"height\":926,\"caption\":\"Kayrros\"},\"image\":{\"@id\":\"https:\/\/kayrrosdev.sitalacarte-consulting.fr\/#\/schema\/logo\/image\/\"}}]}<\/script>\n<!-- \/ Yoast SEO plugin. -->","yoast_head_json":{"title":"Request a demo - Kayrros","description":"Kayrros satellite-based technology independently measures the footprint of human activity on the environment at a global level","robots":{"index":"index","follow":"follow","max-snippet":"max-snippet:-1","max-image-preview":"max-image-preview:large","max-video-preview":"max-video-preview:-1"},"canonical":"https:\/\/kayrrosdev.sitalacarte-consulting.fr\/fr\/request-a-demo\/","og_locale":"fr_FR","og_type":"article","og_title":"Request a demo - Kayrros","og_description":"Kayrros satellite-based technology independently measures the footprint of human activity on the environment at a global level","og_url":"https:\/\/kayrrosdev.sitalacarte-consulting.fr\/fr\/request-a-demo\/","og_site_name":"Kayrros","article_modified_time":"2024-02-13T15:30:30+00:00","twitter_card":"summary_large_image","twitter_misc":{"Dur\u00e9e de lecture estim\u00e9e":"2 minutes"},"schema":{"@context":"https:\/\/schema.org","@graph":[{"@type":"WebPage","@id":"https:\/\/kayrrosdev.sitalacarte-consulting.fr\/request-a-demo\/","url":"https:\/\/kayrrosdev.sitalacarte-consulting.fr\/request-a-demo\/","name":"Request a demo - Kayrros","isPartOf":{"@id":"https:\/\/kayrrosdev.sitalacarte-consulting.fr\/#website"},"datePublished":"2023-02-06T14:53:40+00:00","dateModified":"2024-02-13T15:30:30+00:00","description":"Kayrros satellite-based technology independently measures the footprint of human activity on the environment at a global level","breadcrumb":{"@id":"https:\/\/kayrrosdev.sitalacarte-consulting.fr\/request-a-demo\/#breadcrumb"},"inLanguage":"fr-FR","potentialAction":[{"@type":"ReadAction","target":["https:\/\/kayrrosdev.sitalacarte-consulting.fr\/request-a-demo\/"]}]},{"@type":"BreadcrumbList","@id":"https:\/\/kayrrosdev.sitalacarte-consulting.fr\/request-a-demo\/#breadcrumb","itemListElement":[{"@type":"ListItem","position":1,"name":"Home","item":"https:\/\/kayrrosdev.sitalacarte-consulting.fr\/"},{"@type":"ListItem","position":2,"name":"Request a demo"}]},{"@type":"WebSite","@id":"https:\/\/kayrrosdev.sitalacarte-consulting.fr\/#website","url":"https:\/\/kayrrosdev.sitalacarte-consulting.fr\/","name":"Kayrros","description":"Disruptive Analytics for Energy Markets","publisher":{"@id":"https:\/\/kayrrosdev.sitalacarte-consulting.fr\/#organization"},"potentialAction":[{"@type":"SearchAction","target":{"@type":"EntryPoint","urlTemplate":"https:\/\/kayrrosdev.sitalacarte-consulting.fr\/?s={search_term_string}"},"query-input":"required name=search_term_string"}],"inLanguage":"fr-FR"},{"@type":"Organization","@id":"https:\/\/kayrrosdev.sitalacarte-consulting.fr\/#organization","name":"Kayrros","url":"https:\/\/kayrrosdev.sitalacarte-consulting.fr\/","logo":{"@type":"ImageObject","inLanguage":"fr-FR","@id":"https:\/\/kayrrosdev.sitalacarte-consulting.fr\/#\/schema\/logo\/image\/","url":"https:\/\/kayrrosdev.sitalacarte-consulting.fr\/wp-content\/uploads\/2023\/02\/Logo-Full_colour.png","contentUrl":"https:\/\/kayrrosdev.sitalacarte-consulting.fr\/wp-content\/uploads\/2023\/02\/Logo-Full_colour.png","width":3247,"height":926,"caption":"Kayrros"},"image":{"@id":"https:\/\/kayrrosdev.sitalacarte-consulting.fr\/#\/schema\/logo\/image\/"}}]}},"_links":{"self":[{"href":"https:\/\/kayrrosdev.sitalacarte-consulting.fr\/fr\/wp-json\/wp\/v2\/pages\/10468","targetHints":{"allow":["GET"]}}],"collection":[{"href":"https:\/\/kayrrosdev.sitalacarte-consulting.fr\/fr\/wp-json\/wp\/v2\/pages"}],"about":[{"href":"https:\/\/kayrrosdev.sitalacarte-consulting.fr\/fr\/wp-json\/wp\/v2\/types\/page"}],"author":[{"embeddable":true,"href":"https:\/\/kayrrosdev.sitalacarte-consulting.fr\/fr\/wp-json\/wp\/v2\/users\/1"}],"replies":[{"embeddable":true,"href":"https:\/\/kayrrosdev.sitalacarte-consulting.fr\/fr\/wp-json\/wp\/v2\/comments?post=10468"}],"version-history":[{"count":18,"href":"https:\/\/kayrrosdev.sitalacarte-consulting.fr\/fr\/wp-json\/wp\/v2\/pages\/10468\/revisions"}],"predecessor-version":[{"id":17804,"href":"https:\/\/kayrrosdev.sitalacarte-consulting.fr\/fr\/wp-json\/wp\/v2\/pages\/10468\/revisions\/17804"}],"wp:attachment":[{"href":"https:\/\/kayrrosdev.sitalacarte-consulting.fr\/fr\/wp-json\/wp\/v2\/media?parent=10468"}],"curies":[{"name":"wp","href":"https:\/\/api.w.org\/{rel}","templated":true}]}}